{"id":675,"date":"2023-06-22T13:44:34","date_gmt":"2023-06-22T12:44:34","guid":{"rendered":"https:\/\/sud-maintenance.fr\/?page_id=675"},"modified":"2023-07-02T18:12:56","modified_gmt":"2023-07-02T17:12:56","slug":"mentions-legales","status":"publish","type":"page","link":"https:\/\/sud-maintenance.fr\/?page_id=675","title":{"rendered":"Mentions L\u00e9gales"},"content":{"rendered":"\t\t<div data-elementor-type=\"wp-page\" data-elementor-id=\"675\" class=\"elementor elementor-675\">\n\t\t\t\t\t\t<section class=\"elementor-section elementor-top-section elementor-element elementor-element-af601b8 elementor-section-full_width elementor-section-height-default elementor-section-height-default\" data-id=\"af601b8\" data-element_type=\"section\">\n\t\t\t\t\t\t<div class=\"elementor-container elementor-column-gap-default\">\n\t\t\t\t\t<div class=\"elementor-column elementor-col-100 elementor-top-column elementor-element elementor-element-f16574e\" data-id=\"f16574e\" data-element_type=\"column\">\n\t\t\t<div class=\"elementor-widget-wrap elementor-element-populated\">\n\t\t\t\t\t\t<div class=\"elementor-element elementor-element-7e208de elementor-widget elementor-widget-text-editor\" data-id=\"7e208de\" data-element_type=\"widget\" data-widget_type=\"text-editor.default\">\n\t\t\t\t<div class=\"elementor-widget-container\">\n\t\t\t\t\t\t\t\t\t<p><strong>Mentions l\u00e9gales<\/strong><\/p>\n<p><strong>URL<\/strong> : https:\/\/sud-maintenance.fr\/<\/p>\n<p><strong>Description<\/strong> : Sud Maintenance<\/p>\n<p><strong>SNM<\/strong>&nbsp;:<\/p>\n<p>Immatriculation au RCS, num\u00e9ro 814 250 361 RCS Toulouse<br>Date d\u2019immatriculation : 22\/10\/2015<\/p>\n<p>D\u00e9nomination ou raison sociale : OPNA<br>Forme juridique : Soci\u00e9t\u00e9 \u00e0 responsabilit\u00e9 limit\u00e9e<br>Capital social : 50 000 euros<\/p>\n<p>Adresse du si\u00e8ge :<br>20 avenue de l\u2019Europe, Parc Technologique du Canal<br>31520 Ramonville Saint-Agne<\/p>\n<p><strong>Conception et r\u00e9alisation du site<\/strong>&nbsp;:&nbsp;<a href=\"http:\/\/www.studio-m-a.com\/\">studio-m-a<\/a><\/p>\n<p><strong>Propri\u00e9t\u00e9 et droit d\u2019auteur<\/strong>&nbsp;:&nbsp;<span class=\"propQui\">Le site et les informations qu\u2019il contient sont prot\u00e9g\u00e9s par la loi fran\u00e7aise sur la propri\u00e9t\u00e9 intellectuelle et par les conventions internationales. Le site (ou des \u00e9l\u00e9ments de son contenu) ne peut \u00eatre ni reproduit, ni republi\u00e9, ni retranscrit, ni modifi\u00e9, ni retransmis sans l\u2019autorisation pr\u00e9alable des ayants-droits par \u00e9crit (cela ne concerne pas l\u2019utilisation dans le cercle de famille ni l\u2019usage priv\u00e9).<\/span><\/p>\t\t\t\t\t\t\t\t<\/div>\n\t\t\t\t<\/div>\n\t\t\t\t\t<\/div>\n\t\t<\/div>\n\t\t\t\t\t<\/div>\n\t\t<\/section>\n\t\t\t\t<\/div>\n\t\t","protected":false},"excerpt":{"rendered":"<p>Mentions l\u00e9gales URL : https:\/\/sud-maintenance.fr\/ Description : Sud Maintenance SNM&nbsp;: Immatriculation au RCS, num\u00e9ro 814 250 361 RCS ToulouseDate d\u2019immatriculation : 22\/10\/2015 D\u00e9nomination ou raison sociale : OPNAForme juridique : Soci\u00e9t\u00e9 \u00e0 responsabilit\u00e9 limit\u00e9eCapital social : 50 000 euros Adresse du si\u00e8ge :20 avenue de l\u2019Europe, Parc Technologique du Canal31520 Ramonville Saint-Agne Conception et r\u00e9alisation &hellip; <\/p>\n<p class=\"link-more\"><a href=\"https:\/\/sud-maintenance.fr\/?page_id=675\" class=\"more-link\">Continuer la lecture<span class=\"screen-reader-text\"> de &laquo;&nbsp;Mentions L\u00e9gales&nbsp;&raquo;<\/span><\/a><\/p>\n","protected":false},"author":1,"featured_media":0,"parent":0,"menu_order":0,"comment_status":"closed","ping_status":"closed","template":"elementor_header_footer","meta":{"footnotes":""},"_links":{"self":[{"href":"https:\/\/sud-maintenance.fr\/index.php?rest_route=\/wp\/v2\/pages\/675"}],"collection":[{"href":"https:\/\/sud-maintenance.fr\/index.php?rest_route=\/wp\/v2\/pages"}],"about":[{"href":"https:\/\/sud-maintenance.fr\/index.php?rest_route=\/wp\/v2\/types\/page"}],"author":[{"embeddable":true,"href":"https:\/\/sud-maintenance.fr\/index.php?rest_route=\/wp\/v2\/users\/1"}],"replies":[{"embeddable":true,"href":"https:\/\/sud-maintenance.fr\/index.php?rest_route=%2Fwp%2Fv2%2Fcomments&post=675"}],"version-history":[{"count":7,"href":"https:\/\/sud-maintenance.fr\/index.php?rest_route=\/wp\/v2\/pages\/675\/revisions"}],"predecessor-version":[{"id":814,"href":"https:\/\/sud-maintenance.fr\/index.php?rest_route=\/wp\/v2\/pages\/675\/revisions\/814"}],"wp:attachment":[{"href":"https:\/\/sud-maintenance.fr\/index.php?rest_route=%2Fwp%2Fv2%2Fmedia&parent=675"}],"curies":[{"name":"wp","href":"https:\/\/api.w.org\/{rel}","templated":true}]}}